{"id":1635,"date":"2025-03-05T15:17:10","date_gmt":"2025-03-05T13:17:10","guid":{"rendered":"https:\/\/linnunlahti.fi\/kuvagalleria\/"},"modified":"2025-03-05T15:17:10","modified_gmt":"2025-03-05T13:17:10","slug":"kuvagalleria","status":"publish","type":"page","link":"https:\/\/linnunlahti.fi\/en\/kuvagalleria\/","title":{"rendered":"Kuvagalleria"},"content":{"rendered":"<p>[et_pb_section fb_built=&#8221;1&#8243; module_class=&#8221;hero&#8211;section&#8221; _builder_version=&#8221;4.27.4&#8243; _module_preset=&#8221;default&#8221; use_background_color_gradient=&#8221;on&#8221; background_color_gradient_stops=&#8221;rgba(15,36,83,0.66) 0%|rgba(15,36,83,0.66) 100%&#8221; background_color_gradient_overlays_image=&#8221;on&#8221; background_image=&#8221;\/wp-content\/uploads\/2025\/03\/holiday-linnunlahti-huoneisto1.jpg&#8221; global_colors_info=&#8221;{}&#8221;][et_pb_row module_class=&#8221;hero&#8211;row&#8221; _builder_version=&#8221;4.27.4&#8243; _module_preset=&#8221;default&#8221; global_colors_info=&#8221;{}&#8221;][et_pb_column type=&#8221;4_4&#8243; _builder_version=&#8221;4.27.4&#8243; _module_preset=&#8221;default&#8221; global_colors_info=&#8221;{}&#8221;][et_pb_text _builder_version=&#8221;4.27.4&#8243; _module_preset=&#8221;default&#8221; global_colors_info=&#8221;{}&#8221;]<\/p>\n<h1>Kuvagalleria<\/h1>\n<p>[\/et_pb_text][et_pb_button button_text=&#8221;L\u00e4het\u00e4 varauskysely&#8221; button_alignment=&#8221;center&#8221; disabled_on=&#8221;on|on|on&#8221; _builder_version=&#8221;4.27.4&#8243; _module_preset=&#8221;default&#8221; custom_button=&#8221;on&#8221; button_icon=&#8221;&#x24;||divi||400&#8243; disabled=&#8221;on&#8221; global_colors_info=&#8221;{}&#8221;][\/et_pb_button][\/et_pb_column][\/et_pb_row][\/et_pb_section][et_pb_section fb_built=&#8221;1&#8243; module_class=&#8221;content&#8211;section&#8221; _builder_version=&#8221;4.27.4&#8243; _module_preset=&#8221;default&#8221; global_colors_info=&#8221;{}&#8221;][et_pb_row module_class=&#8221;content&#8211;row width&#8211;800&#8243; _builder_version=&#8221;4.27.4&#8243; _module_preset=&#8221;default&#8221; global_colors_info=&#8221;{}&#8221;][et_pb_column type=&#8221;4_4&#8243; _builder_version=&#8221;4.27.4&#8243; _module_preset=&#8221;default&#8221; global_colors_info=&#8221;{}&#8221;][et_pb_text module_class=&#8221;text&#8211;center&#8221; _builder_version=&#8221;4.27.4&#8243; _module_preset=&#8221;default&#8221; global_colors_info=&#8221;{}&#8221;]Kuvagalleriastamme l\u00f6yd\u00e4t kuvia niin huoneisto-, caravan- kuin camping-majoitusvaihtoehtoihimme. Lis\u00e4ksi kuvagalleriassame voit tutustua Holiday Linnunlahden lis\u00e4palveluihin, kuten vuokrattaviin vesijetteihin sek\u00e4 kokoustiloihin.[\/et_pb_text][\/et_pb_column][\/et_pb_row][\/et_pb_section][et_pb_section fb_built=&#8221;1&#8243; module_class=&#8221;content&#8211;section bg&#8211;custom&#8211;1&#8243; _builder_version=&#8221;4.27.4&#8243; _module_preset=&#8221;default&#8221; global_colors_info=&#8221;{}&#8221;][et_pb_row module_class=&#8221;content&#8211;row width&#8211;1400&#8243; _builder_version=&#8221;4.27.4&#8243; _module_preset=&#8221;default&#8221; global_colors_info=&#8221;{}&#8221;][et_pb_column type=&#8221;4_4&#8243; _builder_version=&#8221;4.27.4&#8243; _module_preset=&#8221;default&#8221; global_colors_info=&#8221;{}&#8221;][et_pb_text admin_label=&#8221;Lomahuoneistot&#8221; module_class=&#8221;text&#8211;center&#8221; _builder_version=&#8221;4.27.4&#8243; _module_preset=&#8221;default&#8221; global_colors_info=&#8221;{}&#8221;]<\/p>\n<h3>Lomahuoneistot<\/h3>\n<p>[\/et_pb_text][et_pb_gallery gallery_ids=&#8221;344,707,348,340,349,706,345,343&#8243; posts_number=&#8221;12&#8243; zoom_icon_color=&#8221;#7f391c&#8221; hover_overlay_color=&#8221;rgba(255,255,255,0.6)&#8221; hover_icon=&#8221;&#x30;||divi||400&#8243; module_class=&#8221;custom&#8211;gallery&#8221; _builder_version=&#8221;4.27.4&#8243; _module_preset=&#8221;default&#8221; global_colors_info=&#8221;{}&#8221; border_radii_image__hover_enabled=&#8221;off|hover&#8221;][\/et_pb_gallery][\/et_pb_column][\/et_pb_row][\/et_pb_section][et_pb_section fb_built=&#8221;1&#8243; module_class=&#8221;content&#8211;section&#8221; _builder_version=&#8221;4.27.4&#8243; _module_preset=&#8221;default&#8221; global_colors_info=&#8221;{}&#8221;][et_pb_row module_class=&#8221;content&#8211;row width&#8211;1400&#8243; _builder_version=&#8221;4.27.4&#8243; _module_preset=&#8221;default&#8221; global_colors_info=&#8221;{}&#8221;][et_pb_column type=&#8221;4_4&#8243; _builder_version=&#8221;4.27.4&#8243; _module_preset=&#8221;default&#8221; global_colors_info=&#8221;{}&#8221;][et_pb_text admin_label=&#8221;Caravan, camping &#038; ulkoalueet&#8221; module_class=&#8221;text&#8211;center&#8221; _builder_version=&#8221;4.27.4&#8243; _module_preset=&#8221;default&#8221; global_colors_info=&#8221;{}&#8221;]<\/p>\n<h3>Caravan, camping &#038; ulkoalueet<\/h3>\n<p>[\/et_pb_text][et_pb_gallery gallery_ids=&#8221;414,413,412,415,416,410,344,16&#8243; posts_number=&#8221;12&#8243; zoom_icon_color=&#8221;#7f391c&#8221; hover_overlay_color=&#8221;rgba(255,255,255,0.6)&#8221; hover_icon=&#8221;&#x30;||divi||400&#8243; module_class=&#8221;custom&#8211;gallery&#8221; _builder_version=&#8221;4.27.4&#8243; _module_preset=&#8221;default&#8221; global_colors_info=&#8221;{}&#8221; border_radii_image__hover_enabled=&#8221;off|hover&#8221;][\/et_pb_gallery][\/et_pb_column][\/et_pb_row][\/et_pb_section][et_pb_section fb_built=&#8221;1&#8243; module_class=&#8221;content&#8211;section bg&#8211;primary&#8221; _builder_version=&#8221;4.27.4&#8243; _module_preset=&#8221;default&#8221; hover_enabled=&#8221;0&#8243; global_colors_info=&#8221;{}&#8221; sticky_enabled=&#8221;0&#8243;][et_pb_row module_class=&#8221;content&#8211;row width&#8211;1400&#8243; _builder_version=&#8221;4.27.4&#8243; _module_preset=&#8221;default&#8221; global_colors_info=&#8221;{}&#8221;][et_pb_column type=&#8221;4_4&#8243; _builder_version=&#8221;4.27.4&#8243; _module_preset=&#8221;default&#8221; global_colors_info=&#8221;{}&#8221;][et_pb_text admin_label=&#8221;Terassi, kahvila &#038; vastaanotto&#8221; module_class=&#8221;text&#8211;center&#8221; _builder_version=&#8221;4.27.4&#8243; _module_preset=&#8221;default&#8221; hover_enabled=&#8221;0&#8243; global_colors_info=&#8221;{}&#8221; sticky_enabled=&#8221;0&#8243;]<\/p>\n<h3>Terassi, kahvila &#038; vastaanotto<\/h3>\n<p>[\/et_pb_text][et_pb_gallery gallery_ids=&#8221;715,716,717,339&#8243; posts_number=&#8221;12&#8243; zoom_icon_color=&#8221;#7f391c&#8221; hover_overlay_color=&#8221;rgba(255,255,255,0.6)&#8221; hover_icon=&#8221;&#x30;||divi||400&#8243; module_class=&#8221;custom&#8211;gallery&#8221; _builder_version=&#8221;4.27.4&#8243; _module_preset=&#8221;default&#8221; hover_enabled=&#8221;0&#8243; global_colors_info=&#8221;{}&#8221; border_radii_image__hover_enabled=&#8221;off|hover&#8221; sticky_enabled=&#8221;0&#8243;][\/et_pb_gallery][\/et_pb_column][\/et_pb_row][\/et_pb_section][et_pb_section fb_built=&#8221;1&#8243; module_class=&#8221;content&#8211;section &#8221; _builder_version=&#8221;4.27.4&#8243; _module_preset=&#8221;default&#8221; hover_enabled=&#8221;0&#8243; global_colors_info=&#8221;{}&#8221; sticky_enabled=&#8221;0&#8243;][et_pb_row module_class=&#8221;content&#8211;row width&#8211;1400&#8243; _builder_version=&#8221;4.27.4&#8243; _module_preset=&#8221;default&#8221; global_colors_info=&#8221;{}&#8221;][et_pb_column type=&#8221;4_4&#8243; _builder_version=&#8221;4.27.4&#8243; _module_preset=&#8221;default&#8221; global_colors_info=&#8221;{}&#8221;][et_pb_text admin_label=&#8221;Majoitus Kolilla&#8221; module_class=&#8221;text&#8211;center&#8221; _builder_version=&#8221;4.27.4&#8243; _module_preset=&#8221;default&#8221; hover_enabled=&#8221;0&#8243; global_colors_info=&#8221;{}&#8221; sticky_enabled=&#8221;0&#8243;]<\/p>\n<h3>Majoitus Kolilla<\/h3>\n<p>[\/et_pb_text][et_pb_gallery gallery_ids=&#8221;720,719,721,722,718&#8243; posts_number=&#8221;12&#8243; zoom_icon_color=&#8221;#7f391c&#8221; hover_overlay_color=&#8221;rgba(255,255,255,0.6)&#8221; hover_icon=&#8221;&#x30;||divi||400&#8243; module_class=&#8221;custom&#8211;gallery&#8221; _builder_version=&#8221;4.27.4&#8243; _module_preset=&#8221;default&#8221; hover_enabled=&#8221;0&#8243; global_colors_info=&#8221;{}&#8221; border_radii_image__hover_enabled=&#8221;off|hover&#8221; sticky_enabled=&#8221;0&#8243;][\/et_pb_gallery][\/et_pb_column][\/et_pb_row][\/et_pb_section][et_pb_section fb_built=&#8221;1&#8243; module_class=&#8221;content&#8211;section bg&#8211;quartiary&#8221; _builder_version=&#8221;4.27.4&#8243; _module_preset=&#8221;default&#8221; global_module=&#8221;199&#8243; global_colors_info=&#8221;{}&#8221;][et_pb_row module_class=&#8221;content&#8211;row&#8221; _builder_version=&#8221;4.27.4&#8243; _module_preset=&#8221;default&#8221; global_colors_info=&#8221;{}&#8221;][et_pb_column type=&#8221;4_4&#8243; _builder_version=&#8221;4.27.4&#8243; _module_preset=&#8221;default&#8221; global_colors_info=&#8221;{}&#8221;][et_pb_text _builder_version=&#8221;4.27.4&#8243; _module_preset=&#8221;default&#8221; text_orientation=&#8221;center&#8221; global_colors_info=&#8221;{}&#8221;]<\/p>\n<h3>Online arvioinnit paikastamme<\/h3>\n<p>[\/et_pb_text][\/et_pb_column][\/et_pb_row][et_pb_row column_structure=&#8221;1_3,1_3,1_3&#8243; module_class=&#8221;content&#8211;row width&#8211;1400&#8243; _builder_version=&#8221;4.27.4&#8243; _module_preset=&#8221;default&#8221; global_colors_info=&#8221;{}&#8221;][et_pb_column type=&#8221;1_3&#8243; _builder_version=&#8221;4.27.4&#8243; _module_preset=&#8221;default&#8221; global_colors_info=&#8221;{}&#8221;][et_pb_image src=&#8221;\/wp-content\/uploads\/2025\/03\/Booking.com-logo.png&#8221; align=&#8221;center&#8221; _builder_version=&#8221;4.27.4&#8243; _module_preset=&#8221;default&#8221; global_colors_info=&#8221;{}&#8221;][\/et_pb_image][et_pb_text module_class=&#8221;arvo&#8221; _builder_version=&#8221;4.27.4&#8243; _module_preset=&#8221;default&#8221; text_orientation=&#8221;center&#8221; global_colors_info=&#8221;{}&#8221;]9.2\/10[\/et_pb_text][\/et_pb_column][et_pb_column type=&#8221;1_3&#8243; _builder_version=&#8221;4.27.4&#8243; _module_preset=&#8221;default&#8221; global_colors_info=&#8221;{}&#8221;][et_pb_image src=&#8221;\/wp-content\/uploads\/2025\/03\/new-facebook-logo.png&#8221; align=&#8221;center&#8221; _builder_version=&#8221;4.27.4&#8243; _module_preset=&#8221;default&#8221; global_colors_info=&#8221;{}&#8221;][\/et_pb_image][et_pb_text module_class=&#8221;arvo&#8221; _builder_version=&#8221;4.27.4&#8243; _module_preset=&#8221;default&#8221; text_orientation=&#8221;center&#8221; global_colors_info=&#8221;{}&#8221;]4.5\/5[\/et_pb_text][\/et_pb_column][et_pb_column type=&#8221;1_3&#8243; _builder_version=&#8221;4.27.4&#8243; _module_preset=&#8221;default&#8221; global_colors_info=&#8221;{}&#8221;][et_pb_image src=&#8221;\/wp-content\/uploads\/2025\/03\/Trip_Advisor.png&#8221; align=&#8221;center&#8221; _builder_version=&#8221;4.27.4&#8243; _module_preset=&#8221;default&#8221; global_colors_info=&#8221;{}&#8221;][\/et_pb_image][et_pb_text module_class=&#8221;arvo&#8221; _builder_version=&#8221;4.27.4&#8243; _module_preset=&#8221;default&#8221; text_orientation=&#8221;center&#8221; global_colors_info=&#8221;{}&#8221;]4.5\/5[\/et_pb_text][\/et_pb_column][\/et_pb_row][\/et_pb_section]<\/p>\n","protected":false},"excerpt":{"rendered":"<p>KuvagalleriaKuvagalleriastamme l\u00f6yd\u00e4t kuvia niin huoneisto-, caravan- kuin camping-majoitusvaihtoehtoihimme. Lis\u00e4ksi kuvagalleriassame voit tutustua Holiday Linnunlahden lis\u00e4palveluihin, kuten vuokrattaviin vesijetteihin sek\u00e4 kokoustiloihin.LomahuoneistotCaravan, camping &#038; ulkoalueetTerassi, kahvila &#038; vastaanottoMajoitus KolillaOnline arvioinnit paikastamme9.2\/104.5\/54.5\/5<\/p>\n","protected":false},"author":1,"featured_media":0,"parent":0,"menu_order":0,"comment_status":"closed","ping_status":"closed","template":"","meta":{"_et_pb_use_builder":"on","_et_pb_old_content":"","_et_gb_content_width":"","footnotes":""},"class_list":["post-1635","page","type-page","status-publish","hentry"],"yoast_head":"<!-- This site is optimized with the Yoast SEO plugin v27.1.1 - https:\/\/yoast.com\/product\/yoast-seo-wordpress\/ -->\n<title>Kuvagalleria - Holiday Linnunlahti<\/title>\n<meta name=\"robots\" content=\"index, follow, max-snippet:-1, max-image-preview:large, max-video-preview:-1\" \/>\n<link rel=\"canonical\" href=\"https:\/\/linnunlahti.fi\/en\/kuvagalleria\/\" \/>\n<meta property=\"og:locale\" content=\"en_US\" \/>\n<meta property=\"og:type\" content=\"article\" \/>\n<meta property=\"og:title\" content=\"Kuvagalleria - Holiday Linnunlahti\" \/>\n<meta property=\"og:description\" content=\"KuvagalleriaKuvagalleriastamme l\u00f6yd\u00e4t kuvia niin huoneisto-, caravan- kuin camping-majoitusvaihtoehtoihimme. Lis\u00e4ksi kuvagalleriassame voit tutustua Holiday Linnunlahden lis\u00e4palveluihin, kuten vuokrattaviin vesijetteihin sek\u00e4 kokoustiloihin.LomahuoneistotCaravan, camping &amp; ulkoalueetTerassi, kahvila &amp; vastaanottoMajoitus KolillaOnline arvioinnit paikastamme9.2\/104.5\/54.5\/5\" \/>\n<meta property=\"og:url\" content=\"https:\/\/linnunlahti.fi\/en\/kuvagalleria\/\" \/>\n<meta property=\"og:site_name\" content=\"Holiday Linnunlahti\" \/>\n<meta name=\"twitter:card\" content=\"summary_large_image\" \/>\n<meta name=\"twitter:label1\" content=\"Est. reading time\" \/>\n\t<meta name=\"twitter:data1\" content=\"5 minutes\" \/>\n<script type=\"application\/ld+json\" class=\"yoast-schema-graph\">{\"@context\":\"https:\/\/schema.org\",\"@graph\":[{\"@type\":\"WebPage\",\"@id\":\"https:\/\/linnunlahti.fi\/en\/kuvagalleria\/\",\"url\":\"https:\/\/linnunlahti.fi\/en\/kuvagalleria\/\",\"name\":\"Kuvagalleria - Holiday Linnunlahti\",\"isPartOf\":{\"@id\":\"https:\/\/linnunlahti.fi\/en\/#website\"},\"datePublished\":\"2025-03-05T13:17:10+00:00\",\"breadcrumb\":{\"@id\":\"https:\/\/linnunlahti.fi\/en\/kuvagalleria\/#breadcrumb\"},\"inLanguage\":\"en-US\",\"potentialAction\":[{\"@type\":\"ReadAction\",\"target\":[\"https:\/\/linnunlahti.fi\/en\/kuvagalleria\/\"]}]},{\"@type\":\"BreadcrumbList\",\"@id\":\"https:\/\/linnunlahti.fi\/en\/kuvagalleria\/#breadcrumb\",\"itemListElement\":[{\"@type\":\"ListItem\",\"position\":1,\"name\":\"Home\",\"item\":\"https:\/\/linnunlahti.fi\/en\/\"},{\"@type\":\"ListItem\",\"position\":2,\"name\":\"Kuvagalleria\"}]},{\"@type\":\"WebSite\",\"@id\":\"https:\/\/linnunlahti.fi\/en\/#website\",\"url\":\"https:\/\/linnunlahti.fi\/en\/\",\"name\":\"Holiday Linnunlahti\",\"description\":\"Majoitus Joensuu\",\"potentialAction\":[{\"@type\":\"SearchAction\",\"target\":{\"@type\":\"EntryPoint\",\"urlTemplate\":\"https:\/\/linnunlahti.fi\/en\/?s={search_term_string}\"},\"query-input\":{\"@type\":\"PropertyValueSpecification\",\"valueRequired\":true,\"valueName\":\"search_term_string\"}}],\"inLanguage\":\"en-US\"}]}<\/script>\n<!-- \/ Yoast SEO plugin. -->","yoast_head_json":{"title":"Kuvagalleria - Holiday Linnunlahti","robots":{"index":"index","follow":"follow","max-snippet":"max-snippet:-1","max-image-preview":"max-image-preview:large","max-video-preview":"max-video-preview:-1"},"canonical":"https:\/\/linnunlahti.fi\/en\/kuvagalleria\/","og_locale":"en_US","og_type":"article","og_title":"Kuvagalleria - Holiday Linnunlahti","og_description":"KuvagalleriaKuvagalleriastamme l\u00f6yd\u00e4t kuvia niin huoneisto-, caravan- kuin camping-majoitusvaihtoehtoihimme. Lis\u00e4ksi kuvagalleriassame voit tutustua Holiday Linnunlahden lis\u00e4palveluihin, kuten vuokrattaviin vesijetteihin sek\u00e4 kokoustiloihin.LomahuoneistotCaravan, camping & ulkoalueetTerassi, kahvila & vastaanottoMajoitus KolillaOnline arvioinnit paikastamme9.2\/104.5\/54.5\/5","og_url":"https:\/\/linnunlahti.fi\/en\/kuvagalleria\/","og_site_name":"Holiday Linnunlahti","twitter_card":"summary_large_image","twitter_misc":{"Est. reading time":"5 minutes"},"schema":{"@context":"https:\/\/schema.org","@graph":[{"@type":"WebPage","@id":"https:\/\/linnunlahti.fi\/en\/kuvagalleria\/","url":"https:\/\/linnunlahti.fi\/en\/kuvagalleria\/","name":"Kuvagalleria - Holiday Linnunlahti","isPartOf":{"@id":"https:\/\/linnunlahti.fi\/en\/#website"},"datePublished":"2025-03-05T13:17:10+00:00","breadcrumb":{"@id":"https:\/\/linnunlahti.fi\/en\/kuvagalleria\/#breadcrumb"},"inLanguage":"en-US","potentialAction":[{"@type":"ReadAction","target":["https:\/\/linnunlahti.fi\/en\/kuvagalleria\/"]}]},{"@type":"BreadcrumbList","@id":"https:\/\/linnunlahti.fi\/en\/kuvagalleria\/#breadcrumb","itemListElement":[{"@type":"ListItem","position":1,"name":"Home","item":"https:\/\/linnunlahti.fi\/en\/"},{"@type":"ListItem","position":2,"name":"Kuvagalleria"}]},{"@type":"WebSite","@id":"https:\/\/linnunlahti.fi\/en\/#website","url":"https:\/\/linnunlahti.fi\/en\/","name":"Holiday Linnunlahti","description":"Majoitus Joensuu","potentialAction":[{"@type":"SearchAction","target":{"@type":"EntryPoint","urlTemplate":"https:\/\/linnunlahti.fi\/en\/?s={search_term_string}"},"query-input":{"@type":"PropertyValueSpecification","valueRequired":true,"valueName":"search_term_string"}}],"inLanguage":"en-US"}]}},"_links":{"self":[{"href":"https:\/\/linnunlahti.fi\/en\/wp-json\/wp\/v2\/pages\/1635","targetHints":{"allow":["GET"]}}],"collection":[{"href":"https:\/\/linnunlahti.fi\/en\/wp-json\/wp\/v2\/pages"}],"about":[{"href":"https:\/\/linnunlahti.fi\/en\/wp-json\/wp\/v2\/types\/page"}],"author":[{"embeddable":true,"href":"https:\/\/linnunlahti.fi\/en\/wp-json\/wp\/v2\/users\/1"}],"replies":[{"embeddable":true,"href":"https:\/\/linnunlahti.fi\/en\/wp-json\/wp\/v2\/comments?post=1635"}],"version-history":[{"count":0,"href":"https:\/\/linnunlahti.fi\/en\/wp-json\/wp\/v2\/pages\/1635\/revisions"}],"wp:attachment":[{"href":"https:\/\/linnunlahti.fi\/en\/wp-json\/wp\/v2\/media?parent=1635"}],"curies":[{"name":"wp","href":"https:\/\/api.w.org\/{rel}","templated":true}]}}